{"id":8142,"date":"2016-12-31T21:37:35","date_gmt":"2016-12-31T21:37:35","guid":{"rendered":"http:\/\/wolfgang-kipferl.de\/sch_aktuell_blog\/?page_id=8142"},"modified":"2022-03-19T21:06:50","modified_gmt":"2022-03-19T21:06:50","slug":"maedchen-und-frauenschach","status":"publish","type":"page","link":"https:\/\/wolfgang-kipferl.de\/sch_aktuell_blog\/?page_id=8142","title":{"rendered":"M\u00e4dchen- und Frauenschach"},"content":{"rendered":"<p><a href=\"http:\/\/wolfgang-kipferl.de\/sch_aktuell_blog\/wp-content\/uploads\/2016\/10\/SKN_M\u00e4dchen_Logo.jpg\"><img loading=\"lazy\" decoding=\"async\" src=\"http:\/\/wolfgang-kipferl.de\/sch_aktuell_blog\/wp-content\/uploads\/2016\/10\/SKN_M\u00e4dchen_Logo-212x300.jpg\" alt=\"skn_maedchen_logo\" width=\"212\" height=\"300\" class=\"alignright size-medium wp-image-8146\" srcset=\"https:\/\/wolfgang-kipferl.de\/sch_aktuell_blog\/wp-content\/uploads\/2016\/10\/SKN_M\u00e4dchen_Logo-212x300.jpg 212w, https:\/\/wolfgang-kipferl.de\/sch_aktuell_blog\/wp-content\/uploads\/2016\/10\/SKN_M\u00e4dchen_Logo.jpg 509w\" sizes=\"auto, (max-width: 212px) 100vw, 212px\" \/><\/a><\/p>\n<p><a href=\"http:\/\/wolfgang-kipferl.de\/sch_aktuell_blog\/?p=7071\" target=\"_blank\" rel=\"noopener noreferrer\">Deutscher TOP-Schachverein: M\u00e4dchen- und Frauenschach<\/a><\/p>\n<p><a href=\"https:\/\/www.youtube.com\/watch?v=U2aVrrcOq-4&#038;feature=plcp\" target=\"_blank\" rel=\"noopener noreferrer\">M\u00e4dchenschach Video<\/a><\/p>\n<p><strong>Aktionen:<\/strong><\/p>\n<p><a href=\"http:\/\/wolfgang-kipferl.de\/sch_aktuell_blog\/?p=389\" target=\"_blank\" rel=\"noopener noreferrer\">1. Neumarkter M\u00e4dchenschachtag 2011<\/a><\/p>\n<p><a href=\"http:\/\/wolfgang-kipferl.de\/sch_aktuell_blog\/?p=8131\" target=\"_blank\" rel=\"noopener noreferrer\">2. Neumarkter M\u00e4dchenschachtag 2012<\/a><\/p>\n<p><a href=\"http:\/\/wolfgang-kipferl.de\/sch_aktuell_blog\/?p=3405\" target=\"_blank\" rel=\"noopener noreferrer\">3. Neumarkter M\u00e4dchenschachtag 2013<\/a><\/p>\n<p><a href=\"http:\/\/wolfgang-kipferl.de\/sch_aktuell_blog\/?p=8131\" target=\"_blank\" rel=\"noopener noreferrer\">4. Neumarkter M\u00e4dchenschachtag 2014<\/a><\/p>\n<p><a href=\"http:\/\/wolfgang-kipferl.de\/sch_aktuell_blog\/?p=8137\" target=\"_blank\" rel=\"noopener noreferrer\">5. Neumarkter M\u00e4dchenschachtag \/ 1. Neumarkter Frauenschachtag 2015<\/a><\/p>\n<p><a href=\"http:\/\/wolfgang-kipferl.de\/sch_aktuell_blog\/?p=7541\" target=\"_blank\" rel=\"noopener noreferrer\">6. Neumarkter M\u00e4dchenschachtag \/ 2. Neumarkter Frauenschachtag 2016<\/a><\/p>\n<p><a href=\"http:\/\/wolfgang-kipferl.de\/sch_aktuell_blog\/?p=8515\" target=\"_blank\" rel=\"noopener noreferrer\">7. Neumarkter M\u00e4dchenschachtag \/ 3. Neumarkter Frauenschachtag 2017<\/a><\/p>\n<p><a href=\"http:\/\/wolfgang-kipferl.de\/sch_aktuell_blog\/?p=9442\" target=\"_blank\" rel=\"noopener noreferrer\">8. Neumarkter M\u00e4dchenschachtag \/ 4. Neumarkter Frauenschachtag 2018<\/a><\/p>\n<p><a href=\"http:\/\/wolfgang-kipferl.de\/sch_aktuell_blog\/?p=10517\" target=\"_blank\" rel=\"noopener noreferrer\">9. Neumarkter M\u00e4dchenschachtag \/ 5. Neumarkter Frauenschachtag 2019<\/a><\/p>\n<p><a href=\"https:\/\/wolfgang-kipferl.de\/sch_aktuell_blog\/?p=11259\" rel=\"noopener\" target=\"_blank\">10. Neumarkter M\u00e4dchenschachtag \/ 6. Neumarkter Frauenschachtag 2020<\/a><\/p>\n<p><a href=\"http:\/\/wolfgang-kipferl.de\/sch_aktuell_blog\/?p=2128\" target=\"_blank\" rel=\"noopener noreferrer\">1. Neumarkter M\u00e4dchenschachnacht 2012<\/a><\/p>\n<p><a href=\"http:\/\/wolfgang-kipferl.de\/sch_aktuell_blog\/?p=3651\" target=\"_blank\" rel=\"noopener noreferrer\">2. Neumarkter M\u00e4dchenschachnacht 2013<\/a><\/p>\n<p><a href=\"http:\/\/wolfgang-kipferl.de\/sch_aktuell_blog\/?p=8131\" target=\"_blank\" rel=\"noopener noreferrer\">3. Neumarkter M\u00e4dchenschachnacht 2014<\/a><\/p>\n<p><a href=\"http:\/\/wolfgang-kipferl.de\/sch_aktuell_blog\/?p=6534\" target=\"_blank\" rel=\"noopener noreferrer\">4. Neumarkter M\u00e4dchenschachnacht 2015<\/a><\/p>\n<p><a href=\"http:\/\/wolfgang-kipferl.de\/sch_aktuell_blog\/?p=5663\" target=\"_blank\" rel=\"noopener noreferrer\">1. Neumarkter Damen Duett 2014<\/a><\/p>\n<p><a href=\"http:\/\/wolfgang-kipferl.de\/sch_aktuell_blog\/?p=6973\" target=\"_blank\" rel=\"noopener noreferrer\">1. Neumarkter M\u00e4dchen-Team-Mix 2015<\/a><\/p>\n<p><strong>Erfolge:<\/strong><\/p>\n<p><a href=\"http:\/\/wolfgang-kipferl.de\/sch_aktuell_blog\/?p=3375\" target=\"_blank\" rel=\"noopener noreferrer\">3. Platz Bayerische Meisterschaft U10w 2013 &#8211; Maria Schilay<\/a><\/p>\n<p><a href=\"http:\/\/wolfgang-kipferl.de\/sch_aktuell_blog\/?p=7515\" target=\"_blank\" rel=\"noopener noreferrer\">2. Platz Bayerische Meisterschaft U16w 2016 &#8211; Eva Schilay<\/a><\/p>\n<p><a href=\"http:\/\/wolfgang-kipferl.de\/sch_aktuell_blog\/?p=8595\" target=\"_blank\" rel=\"noopener noreferrer\">2. Platz Bayerische Meisterschaft U18w 2017 &#8211; Eva Schilay<\/a><\/p>\n<p><a href=\"http:\/\/wolfgang-kipferl.de\/sch_aktuell_blog\/?p=8595\" target=\"_blank\" rel=\"noopener noreferrer\">3. Platz Bayerische Meisterschaft U14w 2017 &#8211; Maria Schilay<\/a><\/p>\n<p><a href=\"http:\/\/wolfgang-kipferl.de\/sch_aktuell_blog\/?p=10555\" target=\"_blank\" rel=\"noopener noreferrer\">1. Platz Bayerische Meisterschaft U10w 2019 &#8211; Laura Sophie Bauer<\/a><\/p>\n<p><a href=\"https:\/\/wolfgang-kipferl.de\/sch_aktuell_blog\/?p=11952\" rel=\"noopener\" target=\"_blank\">1. Platz Bayerische Meisterschaft U18w 2021 &#8211; Maria Schilay<\/a><\/p>\n<p><a href=\"http:\/\/wolfgang-kipferl.de\/sch_aktuell_blog\/?p=3567\" target=\"_blank\" rel=\"noopener noreferrer\">22. Platz Deutsche Meisterschaft U10w 2013 &#8211; Maria Schilay<\/a><\/p>\n<p><a href=\"http:\/\/wolfgang-kipferl.de\/sch_aktuell_blog\/?p=7657\" target=\"_blank\" rel=\"noopener noreferrer\">19. Platz Deutsche Meisterschaft U16w 2016 &#8211; Eva Schilay<\/a><\/p>\n<p><a href=\"http:\/\/wolfgang-kipferl.de\/sch_aktuell_blog\/?p=8714\" target=\"_blank\" rel=\"noopener noreferrer\">16. Platz Deutsche Meisterschaft U18w 2017 &#8211; Eva Schilay<\/a><\/p>\n<p><a href=\"http:\/\/wolfgang-kipferl.de\/sch_aktuell_blog\/?p=9683\" target=\"_blank\" rel=\"noopener noreferrer\">13. Platz Deutsche Meisterschaft U25B 2018 &#8211; Eva Schilay<\/a><\/p>\n<p><a href=\"http:\/\/wolfgang-kipferl.de\/sch_aktuell_blog\/?p=10673\" target=\"_blank\" rel=\"noopener noreferrer\">16. Platz Deutsche Meisterschaft U10w 2019 &#8211; Laura Sophie Bauer<\/a><\/p>\n<p><a href=\"https:\/\/wolfgang-kipferl.de\/sch_aktuell_blog\/?p=11629\" rel=\"noopener\" target=\"_blank\">4. Platz Deutsche Meisterschaft U10w 2020 &#8211; Laura Sophie Bauer<\/a><\/p>\n<p><a href=\"https:\/\/wolfgang-kipferl.de\/sch_aktuell_blog\/?p=12127\" rel=\"noopener\" target=\"_blank\">6. Platz Deutsche Meisterschaft U12w 2021 &#8211; Laura Sophie Bauer<\/a><\/p>\n<p><a href=\"https:\/\/wolfgang-kipferl.de\/sch_aktuell_blog\/?p=12127\" rel=\"noopener\" target=\"_blank\">15. Platz Deutsche Meisterschaft U18w 2021 &#8211; Maria Schilay<\/a><\/p>\n<p><a href=\"http:\/\/wolfgang-kipferl.de\/sch_aktuell_blog\/?p=2640\" target=\"_blank\" rel=\"noopener noreferrer\">1. Platz Internationale U8w Meisterschaft 2012 &#8211; Maria Schilay<\/a><\/p>\n<p><a href=\"http:\/\/wolfgang-kipferl.de\/sch_aktuell_blog\/?p=733\" target=\"_blank\" rel=\"noopener noreferrer\">1. Platz Offene Niederl\u00e4ndische Meisterschaft U8w 2011 &#8211; Maria Schilay<\/a><\/p>\n<p><a href=\"http:\/\/wolfgang-kipferl.de\/sch_aktuell_blog\/?p=2344\" target=\"_blank\" rel=\"noopener noreferrer\">23. Platz Europameisterschaft U8w 2012 &#8211; Maria Schilay<\/a><\/p>\n<p><a href=\"http:\/\/wolfgang-kipferl.de\/sch_aktuell_blog\/?p=1654\" target=\"_blank\" rel=\"noopener noreferrer\">3. Platz Bayerische Mannschaftsmeisterschaft U14w 2012<\/a><\/p>\n<p><a href=\"http:\/\/wolfgang-kipferl.de\/sch_aktuell_blog\/?p=3486\" target=\"_blank\" rel=\"noopener noreferrer\">2. Platz Bayerische Mannschaftsmeisterschaft U14w 2013<\/a><\/p>\n<p><a href=\"http:\/\/wolfgang-kipferl.de\/sch_aktuell_blog\/?p=4962\" target=\"_blank\" rel=\"noopener noreferrer\">2. Platz Bayerische Mannschaftsmeisterschaft U14w 2014<\/a><\/p>\n<p><a href=\"http:\/\/wolfgang-kipferl.de\/sch_aktuell_blog\/?p=8140\" target=\"_blank\" rel=\"noopener noreferrer\">1. Platz Bayerische Mannschaftsmeisterschaft U14w 2015<\/a><\/p>\n<p><a href=\"http:\/\/wolfgang-kipferl.de\/sch_aktuell_blog\/?p=7832\" target=\"_blank\" rel=\"noopener noreferrer\">1. Platz Bayerische Mannschaftsmeisterschaft U14w 2016<\/a><\/p>\n<p><a href=\"http:\/\/wolfgang-kipferl.de\/sch_aktuell_blog\/?p=8663\" target=\"_blank\" rel=\"noopener noreferrer\">1. Platz Bayerische Mannschaftsmeisterschaft U14w 2017<\/a><\/p>\n<p><a href=\"http:\/\/wolfgang-kipferl.de\/sch_aktuell_blog\/?p=2913\" target=\"_blank\" rel=\"noopener noreferrer\">16. Platz DVM U14w 2012<\/a><\/p>\n<p><a href=\"http:\/\/wolfgang-kipferl.de\/sch_aktuell_blog\/?p=5172\" target=\"_blank\" rel=\"noopener noreferrer\">12. Platz DVM U14w 2013<\/a><\/p>\n<p><a href=\"http:\/\/wolfgang-kipferl.de\/sch_aktuell_blog\/?p=5760\" target=\"_blank\" rel=\"noopener noreferrer\">5. Platz DVM U14w 2014<\/a><\/p>\n<p><a href=\"http:\/\/wolfgang-kipferl.de\/sch_aktuell_blog\/?p=7224\" target=\"_blank\" rel=\"noopener noreferrer\">16. Platz DVM U14w 2015<\/a><\/p>\n<p><a href=\"http:\/\/wolfgang-kipferl.de\/sch_aktuell_blog\/?p=8284\" target=\"_blank\" rel=\"noopener noreferrer\">20. Platz DVM U14w 2016<\/a><\/p>\n<p><a href=\"http:\/\/wolfgang-kipferl.de\/sch_aktuell_blog\/?p=9233\" target=\"_blank\" rel=\"noopener noreferrer\">19. Platz DVM U14w 2017<\/a><\/p>\n<p><a href=\"http:\/\/wolfgang-kipferl.de\/sch_aktuell_blog\/?p=6231\" target=\"_blank\" rel=\"noopener noreferrer\">M\u00e4dchen-Grand-Prix Vorrunde 2015<\/a><\/p>\n<p><a href=\"https:\/\/wolfgang-kipferl.de\/sch_aktuell_blog\/?p=10852\" rel=\"noopener\" target=\"_blank\">Deutsche Frauen-Schnellschachmeisterschaft 2019<\/a><\/p>\n<h3>Related Images:<\/h3>","protected":false},"excerpt":{"rendered":"<p>Deutscher TOP-Schachverein: M\u00e4dchen- und Frauenschach M\u00e4dchenschach Video Aktionen: 1. Neumarkter M\u00e4dchenschachtag 2011 2. Neumarkter M\u00e4dchenschachtag 2012 3. Neumarkter M\u00e4dchenschachtag 2013 4. Neumarkter M\u00e4dchenschachtag 2014 5. Neumarkter M\u00e4dchenschachtag \/ 1. Neumarkter Frauenschachtag 2015 6. Neumarkter M\u00e4dchenschachtag \/ 2. Neumarkter Frauenschachtag 2016 &hellip; <a href=\"https:\/\/wolfgang-kipferl.de\/sch_aktuell_blog\/?page_id=8142\">Continue reading<\/a><\/p>\n","protected":false},"author":4,"featured_media":0,"parent":0,"menu_order":0,"comment_status":"closed","ping_status":"closed","template":"","meta":{"ngg_post_thumbnail":0,"footnotes":""},"class_list":["post-8142","page","type-page","status-publish","hentry"],"_links":{"self":[{"href":"https:\/\/wolfgang-kipferl.de\/sch_aktuell_blog\/index.php?rest_route=\/wp\/v2\/pages\/8142","targetHints":{"allow":["GET"]}}],"collection":[{"href":"https:\/\/wolfgang-kipferl.de\/sch_aktuell_blog\/index.php?rest_route=\/wp\/v2\/pages"}],"about":[{"href":"https:\/\/wolfgang-kipferl.de\/sch_aktuell_blog\/index.php?rest_route=\/wp\/v2\/types\/page"}],"author":[{"embeddable":true,"href":"https:\/\/wolfgang-kipferl.de\/sch_aktuell_blog\/index.php?rest_route=\/wp\/v2\/users\/4"}],"replies":[{"embeddable":true,"href":"https:\/\/wolfgang-kipferl.de\/sch_aktuell_blog\/index.php?rest_route=%2Fwp%2Fv2%2Fcomments&post=8142"}],"version-history":[{"count":0,"href":"https:\/\/wolfgang-kipferl.de\/sch_aktuell_blog\/index.php?rest_route=\/wp\/v2\/pages\/8142\/revisions"}],"wp:attachment":[{"href":"https:\/\/wolfgang-kipferl.de\/sch_aktuell_blog\/index.php?rest_route=%2Fwp%2Fv2%2Fmedia&parent=8142"}],"curies":[{"name":"wp","href":"https:\/\/api.w.org\/{rel}","templated":true}]}}